{"id":100,"date":"2026-01-07T18:59:32","date_gmt":"2026-01-07T17:59:32","guid":{"rendered":"http:\/\/fidestecnologias.com.ve\/?page_id=100"},"modified":"2026-01-09T14:50:06","modified_gmt":"2026-01-09T13:50:06","slug":"alquiler-de-brazo-hidraulico","status":"publish","type":"page","link":"https:\/\/fidestecnologias.com.ve\/index.php\/alquiler-de-brazo-hidraulico\/","title":{"rendered":"Alquiler de Brazo Hidraulico"},"content":{"rendered":"<div id=\"pl-gb100-69f2084665929\"  class=\"panel-layout\" ><div id=\"pg-gb100-69f2084665929-0\"  class=\"panel-grid panel-no-style\" ><div id=\"pgc-gb100-69f2084665929-0-0\"  class=\"panel-grid-cell\" ><div id=\"panel-gb100-69f2084665929-0-0-0\" class=\"so-panel widget widget_text panel-first-child panel-last-child\" data-index=\"0\" >\t\t\t<div class=\"textwidget\"><p><span style=\"color: #000000;\"><span style=\"color: #0000ff;\"><strong><span style=\"font-size: x-large;\">FIDES TECNOLOG\u00cdAS C.A<\/span><\/strong> <\/span> <span style=\"font-size: x-large;\">Ofrece el Servicio de Alquiler de Brazo Hidr\u00e1ulico a la Industria Petrolera y en General, contando con un Personal altamente calificado para su operaci\u00f3n y manejo, con altos est\u00e1ndares en Seguridad.<\/span><\/span><\/p>\n<\/div>\n\t\t<\/div><\/div><\/div><div id=\"pg-gb100-69f2084665929-1\"  class=\"panel-grid panel-no-style\" ><div id=\"pgc-gb100-69f2084665929-1-0\"  class=\"panel-grid-cell\" ><div id=\"panel-gb100-69f2084665929-1-0-0\" class=\"so-panel widget widget_text panel-first-child panel-last-child\" data-index=\"1\" >\t\t\t<div class=\"textwidget\"><h2><span style=\"color: #0000ff;\"><strong>PK 15500 PERFORMANCE<\/strong><\/span><\/h2>\n<p>&nbsp;<\/p>\n<\/div>\n\t\t<\/div><\/div><\/div><\/div>\n\n\n<figure class=\"wp-block-image size-full\"><img loading=\"lazy\" decoding=\"async\" width=\"1024\" height=\"710\" src=\"http:\/\/fidestecnologias.com.ve\/wp-content\/uploads\/2026\/01\/Brazo-Hidraulico-Fides.jpg\" alt=\"\" class=\"wp-image-29\" srcset=\"https:\/\/fidestecnologias.com.ve\/wp-content\/uploads\/2026\/01\/Brazo-Hidraulico-Fides.jpg 1024w, https:\/\/fidestecnologias.com.ve\/wp-content\/uploads\/2026\/01\/Brazo-Hidraulico-Fides-300x208.jpg 300w, https:\/\/fidestecnologias.com.ve\/wp-content\/uploads\/2026\/01\/Brazo-Hidraulico-Fides-768x533.jpg 768w\" sizes=\"auto, (max-width: 1024px) 100vw, 1024px\" \/><\/figure>\n\n\n<div id=\"pl-gb100-69f2084667cfd\"  class=\"panel-layout\" ><div id=\"pg-gb100-69f2084667cfd-0\"  class=\"panel-grid panel-no-style\" ><div id=\"pgc-gb100-69f2084667cfd-0-0\"  class=\"panel-grid-cell\" ><div id=\"panel-gb100-69f2084667cfd-0-0-0\" class=\"so-panel widget widget_text panel-first-child panel-last-child\" data-index=\"0\" >\t\t\t<div class=\"textwidget\"><p><span style=\"color: #000000;\"><span style=\"font-size: x-large;\">La nueva PK 15500 PERFORMANCE es la gr\u00faa ideal para uso industrial. La elevaci\u00f3n de maquinarias, piezas o materiales, no ofrecen problemas para este modelo. Gracias a la experiencia practica y el Know-How t\u00e9cnico de PALFINGER, ofrece gran eficiencia en cualquier uso.<\/span><\/span><\/p>\n<h2><span style=\"color: #0000ff;\"><strong>Caracter\u00edsticas:<\/strong><\/span><\/h2>\n<ul>\n<li><span style=\"color: #000000;\"><strong><span style=\"font-size: x-large;\">Modelo:<\/span><\/strong> PK 15500 Performance A hidr\u00e1ulico<\/span><\/li>\n<li><span style=\"color: #000000;\"><strong><span style=\"font-size: x-large;\">Momento de Elevaci\u00f3n: <\/span><\/strong>14,6 t x m\/143,2 kNm<\/span><\/li>\n<li><span style=\"color: #000000;\"><strong><span style=\"font-size: x-large;\">M\u00e1xima Capacidad:<\/span><\/strong> 6200 kg \/ 60,8 kN<\/span><\/li>\n<li><span style=\"color: #000000;\"><strong><span style=\"font-size: x-large;\">Alcance Hidr\u00e1ulico M\u00e1ximo<\/span><\/strong> 14,5 mt<\/span><\/li>\n<li><span style=\"color: #000000;\"><strong><span style=\"font-size: x-large;\">Alcance M\u00e1ximo:<\/span><\/strong> 18,7 mt<\/span><\/li>\n<li><span style=\"color: #000000;\"><strong><span style=\"font-size: x-large;\">Angulo de Giro:<\/span><\/strong> 420\u00b0<\/span><\/li>\n<\/ul>\n<\/div>\n\t\t<\/div><\/div><\/div><\/div>","protected":false},"excerpt":{"rendered":"<p>FIDES TECNOLOG\u00cdAS C.A Ofrece el Servicio de Alquiler de Brazo Hidr\u00e1ulico a la Industria Petrolera y en General, contando con un Personal altamente calificado para su operaci\u00f3n y manejo, con altos est\u00e1ndares en Seguridad. PK 15500 PERFORMANCE &nbsp;<\/p>\n","protected":false},"author":1,"featured_media":81,"parent":0,"menu_order":0,"comment_status":"closed","ping_status":"closed","template":"","meta":{"footnotes":""},"class_list":["post-100","page","type-page","status-publish","has-post-thumbnail","hentry"],"_links":{"self":[{"href":"https:\/\/fidestecnologias.com.ve\/index.php\/wp-json\/wp\/v2\/pages\/100","targetHints":{"allow":["GET"]}}],"collection":[{"href":"https:\/\/fidestecnologias.com.ve\/index.php\/wp-json\/wp\/v2\/pages"}],"about":[{"href":"https:\/\/fidestecnologias.com.ve\/index.php\/wp-json\/wp\/v2\/types\/page"}],"author":[{"embeddable":true,"href":"https:\/\/fidestecnologias.com.ve\/index.php\/wp-json\/wp\/v2\/users\/1"}],"replies":[{"embeddable":true,"href":"https:\/\/fidestecnologias.com.ve\/index.php\/wp-json\/wp\/v2\/comments?post=100"}],"version-history":[{"count":7,"href":"https:\/\/fidestecnologias.com.ve\/index.php\/wp-json\/wp\/v2\/pages\/100\/revisions"}],"predecessor-version":[{"id":207,"href":"https:\/\/fidestecnologias.com.ve\/index.php\/wp-json\/wp\/v2\/pages\/100\/revisions\/207"}],"wp:featuredmedia":[{"embeddable":true,"href":"https:\/\/fidestecnologias.com.ve\/index.php\/wp-json\/wp\/v2\/media\/81"}],"wp:attachment":[{"href":"https:\/\/fidestecnologias.com.ve\/index.php\/wp-json\/wp\/v2\/media?parent=100"}],"curies":[{"name":"wp","href":"https:\/\/api.w.org\/{rel}","templated":true}]}}