{"id":102,"date":"2026-01-07T18:59:57","date_gmt":"2026-01-07T17:59:57","guid":{"rendered":"http:\/\/fidestecnologias.com.ve\/?page_id=102"},"modified":"2026-01-09T14:49:38","modified_gmt":"2026-01-09T13:49:38","slug":"alquiler-de-moviles-de-soldadura-2","status":"publish","type":"page","link":"https:\/\/fidestecnologias.com.ve\/index.php\/alquiler-de-moviles-de-soldadura-2\/","title":{"rendered":"Alquiler de m\u00f3viles de soldadura"},"content":{"rendered":"<div id=\"pl-gb102-69f20730c2dc1\"  class=\"panel-layout\" ><div id=\"pg-gb102-69f20730c2dc1-0\"  class=\"panel-grid panel-no-style\" ><div id=\"pgc-gb102-69f20730c2dc1-0-0\"  class=\"panel-grid-cell\" ><div id=\"panel-gb102-69f20730c2dc1-0-0-0\" class=\"so-panel widget widget_media_image panel-first-child panel-last-child\" data-index=\"0\" ><img loading=\"lazy\" decoding=\"async\" width=\"200\" height=\"200\" src=\"https:\/\/fidestecnologias.com.ve\/wp-content\/uploads\/2026\/01\/Camion-Soldadura.jpg\" class=\"image wp-image-34  attachment-full size-full\" alt=\"\" style=\"max-width: 100%; height: auto;\" srcset=\"https:\/\/fidestecnologias.com.ve\/wp-content\/uploads\/2026\/01\/Camion-Soldadura.jpg 200w, https:\/\/fidestecnologias.com.ve\/wp-content\/uploads\/2026\/01\/Camion-Soldadura-150x150.jpg 150w\" sizes=\"auto, (max-width: 200px) 100vw, 200px\" \/><\/div><\/div><div id=\"pgc-gb102-69f20730c2dc1-0-1\"  class=\"panel-grid-cell\" ><div id=\"panel-gb102-69f20730c2dc1-0-1-0\" class=\"so-panel widget widget_text panel-first-child panel-last-child\" data-index=\"1\" >\t\t\t<div class=\"textwidget\"><p><span style=\"color: #000000;\"><span style=\"color: #0000ff;\"><strong><span style=\"font-size: x-large;\">FIDES TECNOLOG\u00cdAS C.A<\/span><\/strong><\/span> <span style=\"font-size: x-large;\">suministra el mejor Servicio de Alquiler de Equipos M\u00f3viles de Soldadura altamente calificados, cumpliendo con los m\u00e1s altos est\u00e1ndares de calidad. Aportamos apoyo, d\u00e1ndole soluci\u00f3n a sus necesidades en la reparaci\u00f3n e instalaci\u00f3n de los Sistemas de Equipos de Control de S\u00f3lidos en general.<\/span><\/span><\/p>\n<\/div>\n\t\t<\/div><\/div><\/div><\/div>\n\n\n<div class=\"wp-block-group\"><div class=\"wp-block-group__inner-container is-layout-constrained wp-block-group-is-layout-constrained\"><\/div><\/div>\n\n\n<div id=\"pl-gb102-69f20730c4e8e\"  class=\"panel-layout\" ><div id=\"pg-gb102-69f20730c4e8e-0\"  class=\"panel-grid panel-no-style\" ><div id=\"pgc-gb102-69f20730c4e8e-0-0\"  class=\"panel-grid-cell\" ><div id=\"panel-gb102-69f20730c4e8e-0-0-0\" class=\"so-panel widget widget_text panel-first-child panel-last-child\" data-index=\"0\" >\t\t\t<div class=\"textwidget\"><h2><span style=\"color: #0000ff;\"><strong>Vatange 500 Cummins<\/strong><\/span><\/h2>\n<p><span style=\"color: #000000;\"><span style=\"font-size: x-large;\">Es una fuente de poder de soldadura de motor di\u00e9sel de combusti\u00f3n interna. La maquina utiliza un generador de corriente alterna tipo escobilla para soldadura multiprop\u00f3sito de CD, energ\u00eda de reserva auxiliar monof\u00e1sica de 120\/240 VCA y trif\u00e1sica 240V. El sistema de control de soldadura utiliza la tecnolog\u00eda de punta CHOPPER TECHNOLOGY \u2122.<\/span><\/span><\/p>\n<\/div>\n\t\t<\/div><\/div><\/div><\/div>\n\n\n<figure class=\"wp-block-image size-full\"><img loading=\"lazy\" decoding=\"async\" width=\"1024\" height=\"768\" src=\"http:\/\/fidestecnologias.com.ve\/wp-content\/uploads\/2026\/01\/Vatange-500-Cummins.jpg\" alt=\"\" class=\"wp-image-91\" srcset=\"https:\/\/fidestecnologias.com.ve\/wp-content\/uploads\/2026\/01\/Vatange-500-Cummins.jpg 1024w, https:\/\/fidestecnologias.com.ve\/wp-content\/uploads\/2026\/01\/Vatange-500-Cummins-300x225.jpg 300w, https:\/\/fidestecnologias.com.ve\/wp-content\/uploads\/2026\/01\/Vatange-500-Cummins-768x576.jpg 768w\" sizes=\"auto, (max-width: 1024px) 100vw, 1024px\" \/><\/figure>\n\n\n<div id=\"pl-gb102-69f20730c618a\"  class=\"panel-layout\" ><div id=\"pg-gb102-69f20730c618a-0\"  class=\"panel-grid panel-no-style\" ><div id=\"pgc-gb102-69f20730c618a-0-0\"  class=\"panel-grid-cell\" ><div id=\"panel-gb102-69f20730c618a-0-0-0\" class=\"so-panel widget widget_text panel-first-child panel-last-child\" data-index=\"0\" >\t\t\t<div class=\"textwidget\"><h3><span style=\"color: #0000ff;\"><strong>Caracter\u00edsticas:<\/strong><\/span><\/h3>\n<ul>\n<li><span style=\"color: #000000;\"><span style=\"font-size: x-large;\">Modelo: Vantage 500 Cummings<\/span><\/span><\/li>\n<li><span style=\"color: #000000;\"><span style=\"font-size: x-large;\">Rango de Soldadura: 30-575 amp CC\/CV \/ 20-250 amp TIG<\/span><\/span><\/li>\n<li><span style=\"color: #000000;\"><span style=\"font-size: x-large;\">Voltaje de Circuito Abierto: 60 m\u00e1ximo OCV a 1900 RPM<\/span><\/span><\/li>\n<li><span style=\"color: #000000;\"><span style=\"font-size: x-large;\">Potencia Auxiliar: 120\/240 VCA &#8211; 12.000 WATTS 60HZ Monof\u00e1sica \u2013 20.000 WATTS 60 HZ Trif\u00e1sica<\/span><\/span><\/li>\n<li><span style=\"color: #000000;\"><span style=\"font-size: x-large;\">Peso: 655 Kg<\/span><\/span><\/li>\n<li><span style=\"color: #000000;\"><span style=\"font-size: x-large;\">Dimensi\u00f3n: 1290,8 mm x 800,1 mm x 1603 mm<\/span><\/span><\/li>\n<\/ul>\n<h2><span style=\"color: #0000ff;\"><strong>El Big Blue 400X<\/strong><\/span><\/h2>\n<p><span style=\"color: #000000;\"><span style=\"font-size: x-large;\">Es un equipo ideal en trabajos de soldadura de tuber\u00edas, estructuras y fabricaci\u00f3n general. Ofrece las mejores caracter\u00edsticas de arco para diferentes electrodos y dise\u00f1os de uniones. Es f\u00e1cil soldar alambres desde 0,6 mm (0,23 pulg), alambres s\u00f3lidos a alambres de n\u00facleo de fundente de di\u00e1metro de 2 mm (5\/64 pulg).<\/span><\/span><\/p>\n<\/div>\n\t\t<\/div><\/div><\/div><\/div>\n\n\n<figure class=\"wp-block-image size-full\"><img loading=\"lazy\" decoding=\"async\" width=\"1024\" height=\"768\" src=\"http:\/\/fidestecnologias.com.ve\/wp-content\/uploads\/2026\/01\/El-Big-Blue-400X.jpg\" alt=\"\" class=\"wp-image-48\" srcset=\"https:\/\/fidestecnologias.com.ve\/wp-content\/uploads\/2026\/01\/El-Big-Blue-400X.jpg 1024w, https:\/\/fidestecnologias.com.ve\/wp-content\/uploads\/2026\/01\/El-Big-Blue-400X-300x225.jpg 300w, https:\/\/fidestecnologias.com.ve\/wp-content\/uploads\/2026\/01\/El-Big-Blue-400X-768x576.jpg 768w\" sizes=\"auto, (max-width: 1024px) 100vw, 1024px\" \/><\/figure>\n\n\n<div id=\"pl-gb102-69f20730c6c1e\"  class=\"panel-layout\" ><div id=\"pg-gb102-69f20730c6c1e-0\"  class=\"panel-grid panel-no-style\" ><div id=\"pgc-gb102-69f20730c6c1e-0-0\"  class=\"panel-grid-cell\" ><div id=\"panel-gb102-69f20730c6c1e-0-0-0\" class=\"so-panel widget widget_text panel-first-child panel-last-child\" data-index=\"0\" >\t\t\t<div class=\"textwidget\"><h3><span style=\"color: #0000ff;\"><strong>Caracter\u00edsticas:<\/strong><\/span><\/h3>\n<ul>\n<li><span style=\"color: #000000;\"><span style=\"font-size: x-large;\">Modelo: Big Blue 400X<\/span><\/span><\/li>\n<li><span style=\"color: #000000;\"><span style=\"font-size: x-large;\">Rango de Soldadura: 20-410 amp CC\/CD \/ 14-40 volt CV\/CD<\/span><\/span><\/li>\n<li><span style=\"color: #000000;\"><span style=\"font-size: x-large;\">Voltaje de Circuito Abierto: 65 m\u00e1ximo a 1850 RPM<\/span><\/span><\/li>\n<li><span style=\"color: #000000;\"><span style=\"font-size: x-large;\">Potencia Auxiliar: 120\/220 VCA &#8211; 12.000 WATTS 60HZ Monof\u00e1sica<\/span><\/span><\/li>\n<li><span style=\"color: #000000;\"><span style=\"font-size: x-large;\">Peso: 522 Kg<\/span><\/span><\/li>\n<li><span style=\"color: #000000;\"><span style=\"font-size: x-large;\">Dimensi\u00f3n: 813 mm x 667 mm x 1422 mm<\/span><\/span><\/li>\n<\/ul>\n<\/div>\n\t\t<\/div><\/div><\/div><\/div>","protected":false},"excerpt":{"rendered":"<p>FIDES TECNOLOG\u00cdAS C.A suministra el mejor Servicio de Alquiler de Equipos M\u00f3viles de Soldadura altamente calificados, cumpliendo con los m\u00e1s altos est\u00e1ndares de calidad. Aportamos apoyo, d\u00e1ndole soluci\u00f3n a sus necesidades en la reparaci\u00f3n e instalaci\u00f3n de los Sistemas de Equipos de Control de S\u00f3lidos en general.<\/p>\n","protected":false},"author":1,"featured_media":82,"parent":0,"menu_order":0,"comment_status":"closed","ping_status":"closed","template":"","meta":{"footnotes":""},"class_list":["post-102","page","type-page","status-publish","has-post-thumbnail","hentry"],"_links":{"self":[{"href":"https:\/\/fidestecnologias.com.ve\/index.php\/wp-json\/wp\/v2\/pages\/102","targetHints":{"allow":["GET"]}}],"collection":[{"href":"https:\/\/fidestecnologias.com.ve\/index.php\/wp-json\/wp\/v2\/pages"}],"about":[{"href":"https:\/\/fidestecnologias.com.ve\/index.php\/wp-json\/wp\/v2\/types\/page"}],"author":[{"embeddable":true,"href":"https:\/\/fidestecnologias.com.ve\/index.php\/wp-json\/wp\/v2\/users\/1"}],"replies":[{"embeddable":true,"href":"https:\/\/fidestecnologias.com.ve\/index.php\/wp-json\/wp\/v2\/comments?post=102"}],"version-history":[{"count":8,"href":"https:\/\/fidestecnologias.com.ve\/index.php\/wp-json\/wp\/v2\/pages\/102\/revisions"}],"predecessor-version":[{"id":206,"href":"https:\/\/fidestecnologias.com.ve\/index.php\/wp-json\/wp\/v2\/pages\/102\/revisions\/206"}],"wp:featuredmedia":[{"embeddable":true,"href":"https:\/\/fidestecnologias.com.ve\/index.php\/wp-json\/wp\/v2\/media\/82"}],"wp:attachment":[{"href":"https:\/\/fidestecnologias.com.ve\/index.php\/wp-json\/wp\/v2\/media?parent=102"}],"curies":[{"name":"wp","href":"https:\/\/api.w.org\/{rel}","templated":true}]}}