{"id":106,"date":"2026-01-07T19:00:30","date_gmt":"2026-01-07T18:00:30","guid":{"rendered":"http:\/\/fidestecnologias.com.ve\/?page_id=106"},"modified":"2026-01-09T14:43:32","modified_gmt":"2026-01-09T13:43:32","slug":"control-de-solidos-2","status":"publish","type":"page","link":"https:\/\/fidestecnologias.com.ve\/index.php\/control-de-solidos-2\/","title":{"rendered":"Control de s\u00f3lidos"},"content":{"rendered":"<div id=\"pl-gb106-69f2086709e07\"  class=\"panel-layout\" ><div id=\"pg-gb106-69f2086709e07-0\"  class=\"panel-grid panel-no-style\" ><div id=\"pgc-gb106-69f2086709e07-0-0\"  class=\"panel-grid-cell\" ><div id=\"panel-gb106-69f2086709e07-0-0-0\" class=\"so-panel widget widget_text panel-first-child panel-last-child\" data-index=\"0\" >\t\t\t<div class=\"textwidget\"><p><span style=\"color: #000000;\"><span style=\"color: #0000ff;\"><b><span style=\"font-size: x-large;\">FIDES TECNOLOG\u00cdAS C.A<\/span><\/b><\/span> <span style=\"font-size: x-large;\">suministra Servicios de Control de S\u00f3lidos con equipos especializados: Distribuidor de Flujo, Zarandas, 3 en 1, Centr\u00edfugas de Decantaci\u00f3n, Bombas Centrifugas y Bombas Neum\u00e1ticas. mediante los cuales permite optimizar distribuidor de flujo la satisfacci\u00f3n al cliente. <\/span><\/span><\/p>\n<p><span style=\"color: #000000;\"><span style=\"font-size: x-large;\">El Servicio de Control de S\u00f3lidos consiste en remover en forma r\u00e1pida y eficiente los cortes de formaci\u00f3n generados durante la perforaci\u00f3n de un pozo para producir Petr\u00f3leo y\/o Gas,\u00a0 con la finalidad de mantener la calidad del fluido y reducir la ocurrencia de problemas operacionales durante la operaci\u00f3n.<\/span><\/span><\/p>\n<p><span style=\"color: #000000;\"><span style=\"font-size: x-large;\">El Servicio de Control de s\u00f3lidos contempla el suministro, instalaci\u00f3n, operaci\u00f3n, mantenimiento\u00a0 y transporte de los equipos y materiales necesarios para controlar el nivel de s\u00f3lidos permisibles en el fluido de perforaci\u00f3n, completaci\u00f3n y evaluaci\u00f3n del pozo.<\/span><\/span><\/p>\n<p>&nbsp;<\/p>\n<\/div>\n\t\t<\/div><\/div><\/div><\/div>\n\n<div id=\"pl-gb106-69f208670a54c\"  class=\"panel-layout\" ><div id=\"pg-gb106-69f208670a54c-0\"  class=\"panel-grid panel-no-style\" ><div id=\"pgc-gb106-69f208670a54c-0-0\"  class=\"panel-grid-cell\" ><div id=\"panel-gb106-69f208670a54c-0-0-0\" class=\"so-panel widget widget_text panel-first-child panel-last-child\" data-index=\"0\" >\t\t\t<div class=\"textwidget\"><h2><strong><span style=\"color: #0000ff;\">Distribuidor de Flujo<\/span><\/strong><\/h2>\n<p><span style=\"color: #000000;\"><span style=\"color: #0000ff;\"><strong><span style=\"font-size: x-large;\">El Distribuidor de Flujo<\/span><\/strong><\/span><span style=\"font-size: x-large;\">, permite aprovechar en toda su amplitud, el desempe\u00f1o individual de los equipos.<\/span><\/span><\/p>\n<p>&nbsp;<\/p>\n<\/div>\n\t\t<\/div><\/div><\/div><\/div>\n\n\n<figure class=\"wp-block-image size-large\"><img loading=\"lazy\" decoding=\"async\" width=\"1024\" height=\"576\" src=\"http:\/\/fidestecnologias.com.ve\/wp-content\/uploads\/2026\/01\/Distribuidor-1024x576.jpg\" alt=\"\" class=\"wp-image-46\" srcset=\"https:\/\/fidestecnologias.com.ve\/wp-content\/uploads\/2026\/01\/Distribuidor-1024x576.jpg 1024w, https:\/\/fidestecnologias.com.ve\/wp-content\/uploads\/2026\/01\/Distribuidor-300x169.jpg 300w, https:\/\/fidestecnologias.com.ve\/wp-content\/uploads\/2026\/01\/Distribuidor-768x432.jpg 768w, https:\/\/fidestecnologias.com.ve\/wp-content\/uploads\/2026\/01\/Distribuidor.jpg 1365w\" sizes=\"auto, (max-width: 1024px) 100vw, 1024px\" \/><\/figure>\n\n\n<div id=\"pl-gb106-69f208670c269\"  class=\"panel-layout\" ><div id=\"pg-gb106-69f208670c269-0\"  class=\"panel-grid panel-no-style\" ><div id=\"pgc-gb106-69f208670c269-0-0\"  class=\"panel-grid-cell\" ><div id=\"panel-gb106-69f208670c269-0-0-0\" class=\"so-panel widget widget_text panel-first-child panel-last-child\" data-index=\"0\" >\t\t\t<div class=\"textwidget\"><p><span style=\"color: #000000;\"><span style=\"font-size: x-large;\">La l\u00ednea de Flujo del taladro esta conectada al Distribuidor de Flujo, y de est\u00e9n salen tantas l\u00edneas como zarandas integren el sistema primario. El fluido al entrar al Distribuidor es canalizado equitativamente a cada uno de los equipos asegurando que cada zaranda reciba una igual cantidad de lodo de perforaci\u00f3n. La distribuci\u00f3n equitativa de caudal de flujo entrando optimiza el \u00e1rea disponible de mallas, logrando una mayor remoci\u00f3n de s\u00f3lidos. Adem\u00e1s, el Distribuidor de Flujo, permite cerrar independientemente el paso de lodo de cada una de las zarandas sin alterar la operaci\u00f3n\u00a0 y sin perdida de tiempo debido a su cierre de compuerta removible, r\u00e1pida y f\u00e1cil de accionar, su mantenimiento sencillo evita posibles taponamientos en la l\u00ednea de flujo.<\/span><\/span><\/p>\n<p>&nbsp;<\/p>\n<h2><span style=\"color: #0000ff;\"><strong>Zaranda vibratoria<\/strong><\/span><\/h2>\n<p><span style=\"font-size: x-large; color: #000000;\">Es la primera l\u00ednea de defensa contra el aumento de s\u00f3lidos en el lodo. El primero y mas importante equipo del sistema de control mec\u00e1nico de s\u00f3lidos capaz de manejar el 100% del volumen circulante, es un separador vibratorio alimentado por el distribuidor de flujo, el cual usando tamiz o mallas elimina los recortes mas grandes acarreados sobre la mallas presentes en el lodo, desde 2000 \u00b5m hasta 74 \u00b5m.<\/span><\/p>\n<p>&nbsp;<\/p>\n<\/div>\n\t\t<\/div><\/div><\/div><\/div>\n\n\n<figure class=\"wp-block-image size-full\"><img loading=\"lazy\" decoding=\"async\" width=\"1024\" height=\"768\" src=\"http:\/\/fidestecnologias.com.ve\/wp-content\/uploads\/2026\/01\/Zaranda-Vibratoria.jpg\" alt=\"\" class=\"wp-image-94\" srcset=\"https:\/\/fidestecnologias.com.ve\/wp-content\/uploads\/2026\/01\/Zaranda-Vibratoria.jpg 1024w, https:\/\/fidestecnologias.com.ve\/wp-content\/uploads\/2026\/01\/Zaranda-Vibratoria-300x225.jpg 300w, https:\/\/fidestecnologias.com.ve\/wp-content\/uploads\/2026\/01\/Zaranda-Vibratoria-768x576.jpg 768w\" sizes=\"auto, (max-width: 1024px) 100vw, 1024px\" \/><\/figure>\n\n\n<div id=\"pl-gb106-69f208670c73d\"  class=\"panel-layout\" ><div id=\"pg-gb106-69f208670c73d-0\"  class=\"panel-grid panel-no-style\" ><div id=\"pgc-gb106-69f208670c73d-0-0\"  class=\"panel-grid-cell\" ><div id=\"panel-gb106-69f208670c73d-0-0-0\" class=\"so-panel widget widget_text panel-first-child panel-last-child\" data-index=\"0\" >\t\t\t<div class=\"textwidget\"><p>&nbsp;<\/p>\n<ul>\n<li><span style=\"color: #000000;\"><span style=\"font-size: x-large;\">Tipo de Movimiento: Lineal.<\/span><\/span><\/li>\n<li><span style=\"color: #000000;\"><span style=\"font-size: x-large;\">Capacidad: 616 GPM<\/span><\/span><\/li>\n<li><span style=\"color: #000000;\"><span style=\"font-size: x-large;\">Motor: 2 x 2,5 HP<\/span><\/span><\/li>\n<li><span style=\"color: #000000;\"><span style=\"font-size: x-large;\">Voltaje: 460 voltios<\/span><\/span><\/li>\n<li><span style=\"color: #000000;\"><span style=\"font-size: x-large;\">Frecuencia: 60 Hz<\/span><\/span><\/li>\n<li><span style=\"color: #000000;\"><span style=\"font-size: x-large;\">No. de Mallas: 4<\/span><\/span><\/li>\n<li><span style=\"color: #000000;\"><span style=\"font-size: x-large;\">Fuerza G: 7 G<\/span><\/span><\/li>\n<li><span style=\"color: #000000;\"><span style=\"font-size: x-large;\">Amplitud: 4,14 mm ~ 5,96 mm<\/span><\/span><\/li>\n<li><span style=\"color: #000000;\"><span style=\"font-size: x-large;\">Inclinaci\u00f3n: -1\u00b0 ~ +5\u00b0<\/span><\/span><\/li>\n<li><span style=\"color: #000000;\"><span style=\"font-size: x-large;\">Peso: 1680 Kg<\/span><\/span><\/li>\n<li><span style=\"color: #000000;\"><span style=\"font-size: x-large;\">Dimensi\u00f3n: 2937 mm x 2058 mm x 1428 mm<\/span><\/span><\/li>\n<\/ul>\n<p>&nbsp;<\/p>\n<h2><span style=\"color: #0000ff;\"><strong>Equipo 3 en 1\u00a0<\/strong><\/span><\/h2>\n<p><span style=\"color: #000000;\"><span style=\"font-size: x-large;\">Son piezas m\u00e1s modernas del equipo de control de s\u00f3lidos que se usan en el campo; estos equipos consisten en una bater\u00eda de conos (10\u201d y 4\u201d) arriba de una malla fina, vibrando a alta velocidad.<\/span><\/span><\/p>\n<p>&nbsp;<\/p>\n<\/div>\n\t\t<\/div><\/div><\/div><\/div>\n\n\n<figure class=\"wp-block-image size-large\"><img loading=\"lazy\" decoding=\"async\" width=\"1024\" height=\"576\" src=\"http:\/\/fidestecnologias.com.ve\/wp-content\/uploads\/2026\/01\/Equipo-3-en-1-1024x576.jpg\" alt=\"\" class=\"wp-image-49\" srcset=\"https:\/\/fidestecnologias.com.ve\/wp-content\/uploads\/2026\/01\/Equipo-3-en-1-1024x576.jpg 1024w, https:\/\/fidestecnologias.com.ve\/wp-content\/uploads\/2026\/01\/Equipo-3-en-1-300x169.jpg 300w, https:\/\/fidestecnologias.com.ve\/wp-content\/uploads\/2026\/01\/Equipo-3-en-1-768x432.jpg 768w, https:\/\/fidestecnologias.com.ve\/wp-content\/uploads\/2026\/01\/Equipo-3-en-1.jpg 1365w\" sizes=\"auto, (max-width: 1024px) 100vw, 1024px\" \/><\/figure>\n\n\n<div id=\"pl-gb106-69f208670ce19\"  class=\"panel-layout\" ><div id=\"pg-gb106-69f208670ce19-0\"  class=\"panel-grid panel-no-style\" ><div id=\"pgc-gb106-69f208670ce19-0-0\"  class=\"panel-grid-cell\" ><div id=\"panel-gb106-69f208670ce19-0-0-0\" class=\"so-panel widget widget_text panel-first-child panel-last-child\" data-index=\"0\" >\t\t\t<div class=\"textwidget\"><p>&nbsp;<\/p>\n<p><span style=\"color: #000000;\"><span style=\"font-size: x-large;\">En el proceso se eliminan s\u00f3lidos perforados del tama\u00f1o de la arena por la primera acci\u00f3n de los hidrociclones, y despu\u00e9s, a trav\u00e9s de la descarga caen sobre la malla fina vibratoria. El lodo y los s\u00f3lidos que pasan a trav\u00e9s de la malla son recuperados (el tama\u00f1o separado, depende del tama\u00f1o de la malla), y los s\u00f3lidos retenidos sobre la malla son eliminados.<\/span><\/span><\/p>\n<ul>\n<li><span style=\"color: #000000;\"><span style=\"font-size: x-large;\">Tipo de Movimiento: Lineal.<\/span><\/span><\/li>\n<li><span style=\"color: #000000;\"><span style=\"font-size: x-large;\">Capacidad: 1056 GPM<\/span><\/span><\/li>\n<li><span style=\"color: #000000;\"><span style=\"font-size: x-large;\">Motor: 2 x 2,5 HP<\/span><\/span><\/li>\n<li><span style=\"color: #000000;\"><span style=\"font-size: x-large;\">Voltaje: 460 voltios<\/span><\/span><\/li>\n<li><span style=\"color: #000000;\"><span style=\"font-size: x-large;\">Frecuencia: 60 Hz<\/span><\/span><\/li>\n<li><span style=\"color: #000000;\"><span style=\"font-size: x-large;\">No. de Mallas: 4<\/span><\/span><\/li>\n<li><span style=\"color: #000000;\"><span style=\"font-size: x-large;\">Fuerza G: 7 G<\/span><\/span><\/li>\n<li><span style=\"color: #000000;\"><span style=\"font-size: x-large;\">Amplitud: 4,14 mm ~ 5,96 mm<\/span><\/span><\/li>\n<li><span style=\"color: #000000;\"><span style=\"font-size: x-large;\">Inclinaci\u00f3n: -1\u00b0 ~ +5\u00b0<\/span><\/span><\/li>\n<li><span style=\"color: #000000;\"><span style=\"font-size: x-large;\">Peso: 2301 Kg<\/span><\/span><\/li>\n<li><span style=\"color: #000000;\"><span style=\"font-size: x-large;\">Dimensi\u00f3n: 2639 mm x 2150 mm x 2147 mm<\/span><\/span><\/li>\n<li><span style=\"color: #000000;\"><span style=\"font-size: x-large;\">Conos del Desilter: 12 x 4\u201d<\/span><\/span><\/li>\n<li><span style=\"color: #000000;\"><span style=\"font-size: x-large;\">Conos del Desander: 2 x 10\u201d<\/span><\/span><\/li>\n<\/ul>\n<p>&nbsp;<\/p>\n<h2><span style=\"color: #0000ff;\"><strong>Centrifugas de Decantaci\u00f3n<\/strong><\/span><\/h2>\n<p><span style=\"color: #000000;\"><span style=\"color: #0000ff;\"><strong><span style=\"font-size: x-large;\">Centrifugas de Decantaci\u00f3n<\/span><\/strong><\/span><span style=\"font-size: x-large;\">(alta revoluci\u00f3n y baja revoluci\u00f3n)<\/span><span style=\"font-size: x-large;\">, aumentan la velocidad de asentamiento de los s\u00f3lidos, substituyendo la d\u00e9bil fuerza de gravedad por la fuerza centrifuga, las cuales descartan los s\u00f3lidos mas finos del sistema (los mas problem\u00e1ticos), que no pudieron ser descartados por los dem\u00e1s equipos, garantizando con su funcionamiento que el lodo obtenido contenga el menor porcentaje de s\u00f3lidos posibles y permitir que las operaciones de perforaci\u00f3n no se afecten a causa de los par\u00e1metros del fluido.<\/span><\/span><\/p>\n<\/div>\n\t\t<\/div><\/div><\/div><\/div>\n\n\n<figure class=\"wp-block-image size-full\"><img loading=\"lazy\" decoding=\"async\" width=\"1024\" height=\"710\" src=\"http:\/\/fidestecnologias.com.ve\/wp-content\/uploads\/2026\/01\/Centrifuga.jpg\" alt=\"\" class=\"wp-image-35\" srcset=\"https:\/\/fidestecnologias.com.ve\/wp-content\/uploads\/2026\/01\/Centrifuga.jpg 1024w, https:\/\/fidestecnologias.com.ve\/wp-content\/uploads\/2026\/01\/Centrifuga-300x208.jpg 300w, https:\/\/fidestecnologias.com.ve\/wp-content\/uploads\/2026\/01\/Centrifuga-768x533.jpg 768w\" sizes=\"auto, (max-width: 1024px) 100vw, 1024px\" \/><\/figure>\n\n\n<div id=\"pl-gb106-69f208670d801\"  class=\"panel-layout\" ><div id=\"pg-gb106-69f208670d801-0\"  class=\"panel-grid panel-no-style\" ><div id=\"pgc-gb106-69f208670d801-0-0\"  class=\"panel-grid-cell\" ><div id=\"panel-gb106-69f208670d801-0-0-0\" class=\"so-panel widget widget_text panel-first-child panel-last-child\" data-index=\"0\" >\t\t\t<div class=\"textwidget\"><p>&nbsp;<\/p>\n<ul>\n<li><span style=\"color: #000000;\"><span style=\"font-size: x-large;\">Di\u00e1metro del Bowl: 360 mm (14\u201d)<\/span><\/span><\/li>\n<li><span style=\"color: #000000;\"><span style=\"font-size: x-large;\">Longitud del Bowl: 1271 mm (50\u201d)<\/span><\/span><\/li>\n<li><span style=\"color: #000000;\"><span style=\"font-size: x-large;\">Velocidad del Bowl: 0 ~ 3900 RPM<\/span><\/span><\/li>\n<li><span style=\"color: #000000;\"><span style=\"font-size: x-large;\">Fuerza G: 3063<\/span><\/span><\/li>\n<li><span style=\"color: #000000;\"><span style=\"font-size: x-large;\">Punto de Corte: 2 ~ 5 \u00b5m<\/span><\/span><\/li>\n<li><span style=\"color: #000000;\"><span style=\"font-size: x-large;\">Capacidad: 200 GPM<\/span><\/span><\/li>\n<li><span style=\"color: #000000;\"><span style=\"font-size: x-large;\">Velocidad del Scroll: 0 ~ 40<\/span><\/span><\/li>\n<li><span style=\"color: #000000;\"><span style=\"font-size: x-large;\">Relaci\u00f3n de la Caja: 57:1<\/span><\/span><\/li>\n<li><span style=\"color: #000000;\"><span style=\"font-size: x-large;\">Motor Bowl: 50 HP<\/span><\/span><\/li>\n<li><span style=\"color: #000000;\"><span style=\"font-size: x-large;\">Motor Scroll: 15 HP<\/span><\/span><\/li>\n<li><span style=\"color: #000000;\"><span style=\"font-size: x-large;\">Voltaje: 460 voltios<\/span><\/span><\/li>\n<li><span style=\"color: #000000;\"><span style=\"font-size: x-large;\">Frecuencia: 60 Hz<\/span><\/span><\/li>\n<li><span style=\"color: #000000;\"><span style=\"font-size: x-large;\">Peso: 3400 Kg<\/span><\/span><\/li>\n<li><span style=\"color: #000000;\"><span style=\"font-size: x-large;\">Dimensi\u00f3n: 3305 mm x 1638 mm x 1277 mm<\/span><\/span><\/li>\n<\/ul>\n<\/div>\n\t\t<\/div><\/div><\/div><\/div>","protected":false},"excerpt":{"rendered":"<p>FIDES TECNOLOG\u00cdAS C.A suministra Servicios de Control de S\u00f3lidos con equipos especializados: Distribuidor de Flujo, Zarandas, 3 en 1, Centr\u00edfugas de Decantaci\u00f3n, Bombas Centrifugas y Bombas Neum\u00e1ticas. mediante los cuales permite optimizar distribuidor de flujo la satisfacci\u00f3n al cliente. El Servicio de Control de S\u00f3lidos consiste en remover en forma r\u00e1pida y eficiente los cortes [&hellip;]<\/p>\n","protected":false},"author":1,"featured_media":83,"parent":0,"menu_order":0,"comment_status":"closed","ping_status":"closed","template":"","meta":{"footnotes":""},"class_list":["post-106","page","type-page","status-publish","has-post-thumbnail","hentry"],"_links":{"self":[{"href":"https:\/\/fidestecnologias.com.ve\/index.php\/wp-json\/wp\/v2\/pages\/106","targetHints":{"allow":["GET"]}}],"collection":[{"href":"https:\/\/fidestecnologias.com.ve\/index.php\/wp-json\/wp\/v2\/pages"}],"about":[{"href":"https:\/\/fidestecnologias.com.ve\/index.php\/wp-json\/wp\/v2\/types\/page"}],"author":[{"embeddable":true,"href":"https:\/\/fidestecnologias.com.ve\/index.php\/wp-json\/wp\/v2\/users\/1"}],"replies":[{"embeddable":true,"href":"https:\/\/fidestecnologias.com.ve\/index.php\/wp-json\/wp\/v2\/comments?post=106"}],"version-history":[{"count":4,"href":"https:\/\/fidestecnologias.com.ve\/index.php\/wp-json\/wp\/v2\/pages\/106\/revisions"}],"predecessor-version":[{"id":203,"href":"https:\/\/fidestecnologias.com.ve\/index.php\/wp-json\/wp\/v2\/pages\/106\/revisions\/203"}],"wp:featuredmedia":[{"embeddable":true,"href":"https:\/\/fidestecnologias.com.ve\/index.php\/wp-json\/wp\/v2\/media\/83"}],"wp:attachment":[{"href":"https:\/\/fidestecnologias.com.ve\/index.php\/wp-json\/wp\/v2\/media?parent=106"}],"curies":[{"name":"wp","href":"https:\/\/api.w.org\/{rel}","templated":true}]}}