{"id":112,"date":"2026-01-07T19:01:03","date_gmt":"2026-01-07T18:01:03","guid":{"rendered":"http:\/\/fidestecnologias.com.ve\/?page_id=112"},"modified":"2026-01-08T19:05:30","modified_gmt":"2026-01-08T18:05:30","slug":"nosotros","status":"publish","type":"page","link":"https:\/\/fidestecnologias.com.ve\/index.php\/nosotros\/","title":{"rendered":"Nosotros"},"content":{"rendered":"<div class=\"wp-block-image\">\n<figure class=\"aligncenter size-full\"><img loading=\"lazy\" decoding=\"async\" width=\"768\" height=\"1024\" src=\"http:\/\/fidestecnologias.com.ve\/wp-content\/uploads\/2026\/01\/Fidesl-Tecnologias-Servicios-1.jpg\" alt=\"\" class=\"wp-image-55\" srcset=\"https:\/\/fidestecnologias.com.ve\/wp-content\/uploads\/2026\/01\/Fidesl-Tecnologias-Servicios-1.jpg 768w, https:\/\/fidestecnologias.com.ve\/wp-content\/uploads\/2026\/01\/Fidesl-Tecnologias-Servicios-1-225x300.jpg 225w\" sizes=\"auto, (max-width: 768px) 100vw, 768px\" \/><\/figure>\n<\/div>\n\n<div id=\"pl-gb112-69f206f4ef204\"  class=\"panel-layout\" ><div id=\"pg-gb112-69f206f4ef204-0\"  class=\"panel-grid panel-no-style\" ><div id=\"pgc-gb112-69f206f4ef204-0-0\"  class=\"panel-grid-cell\" ><div id=\"panel-gb112-69f206f4ef204-0-0-0\" class=\"so-panel widget widget_text panel-first-child panel-last-child\" data-index=\"0\" >\t\t\t<div class=\"textwidget\"><p>&nbsp;<\/p>\n<p><span style=\"color: #000000;\"><strong><span style=\"color: #0000ff;\"><span style=\"font-size: x-large;\">FIDES TECNOLOG\u00cdAS C.A<\/span><\/span>\u00a0<\/strong><\/span><\/p>\n<p><span style=\"color: #000000;\"><span style=\"font-size: x-large;\">Nace a\u00a0<\/span><\/span><span style=\"color: #000000;\"><span style=\"font-size: x-large;\">finales de 2.010 de la mano de un peque\u00f1o grupo de ejecutivos venezolanos deseosos de aportar soluciones a la problem\u00e1tica operativa y de servicios generada por las actividades industriales y en especial por la Industria Petrolera y Gas\u00edfera.<\/span><\/span> <span style=\"color: #000000;\"><span style=\"font-size: x-large;\">Desarrolla sus primeros\u00a0<\/span><\/span><\/p>\n<p><span style=\"color: #000000;\"><span style=\"font-size: x-large;\">proyectos alquilando Equipos de Control de S\u00f3lidos a empresas de Servicios y Posteriormente su incursi\u00f3n con la Industria Petrolera mediante Contratos Directos con PDVSA y sus Filiales.<br \/>\n<\/span><\/span><\/p>\n<h2><span style=\"color: #0000ff;\"><strong>Misi\u00f3n\u00a0<\/strong><\/span><\/h2>\n<p><span style=\"color: #000000;\"><span style=\"font-size: x-large;\">Proveer servicios integrales al sector petrolero venezolano con recursos de vanguardia para garantizar un servicio de alta calidad.<\/span><\/span><\/p>\n<h2><span style=\"color: #0000ff;\"><strong>Visi\u00f3n<\/strong><\/span><\/h2>\n<p><span style=\"color: #000000;\"><span style=\"font-size: x-large;\">Ser una empresa venezolana sustentable, reconocida por la excelencia y calidad de nuestros servicios. <\/span><\/span><\/p>\n<h2><span style=\"color: #0000ff;\"><strong>Pol\u00edtica de Calidad<\/strong><\/span><\/h2>\n<p><span style=\"color: #000000;\"><span style=\"color: #0000ff;\"><span style=\"font-size: x-large;\"><strong>FIDES TECNOLOG\u00cdAS, C.A<\/strong><\/span><\/span>. <span style=\"font-size: x-large;\">Se compromete a la provisi\u00f3n de servicios integrales que cumplan con los requisitos y est\u00e1ndares de calidad establecidos en la industria petrolera, aplicando un sistema de gesti\u00f3n de calidad con la ejecuci\u00f3n de procesos eficientes y eficaces que permitan cubrir las expetativas y necesidades de nuestros clientes; promoviendo una cultura de mejora continua que garantice una organizaci\u00f3n altamente competitiva, logrando asi el crecimiento de nuestro talento humano con responsabilidad social empresarial.<\/span><\/span><\/p>\n<\/div>\n\t\t<\/div><\/div><\/div><\/div>","protected":false},"excerpt":{"rendered":"","protected":false},"author":1,"featured_media":0,"parent":0,"menu_order":0,"comment_status":"closed","ping_status":"closed","template":"","meta":{"footnotes":""},"class_list":["post-112","page","type-page","status-publish","hentry"],"_links":{"self":[{"href":"https:\/\/fidestecnologias.com.ve\/index.php\/wp-json\/wp\/v2\/pages\/112","targetHints":{"allow":["GET"]}}],"collection":[{"href":"https:\/\/fidestecnologias.com.ve\/index.php\/wp-json\/wp\/v2\/pages"}],"about":[{"href":"https:\/\/fidestecnologias.com.ve\/index.php\/wp-json\/wp\/v2\/types\/page"}],"author":[{"embeddable":true,"href":"https:\/\/fidestecnologias.com.ve\/index.php\/wp-json\/wp\/v2\/users\/1"}],"replies":[{"embeddable":true,"href":"https:\/\/fidestecnologias.com.ve\/index.php\/wp-json\/wp\/v2\/comments?post=112"}],"version-history":[{"count":4,"href":"https:\/\/fidestecnologias.com.ve\/index.php\/wp-json\/wp\/v2\/pages\/112\/revisions"}],"predecessor-version":[{"id":168,"href":"https:\/\/fidestecnologias.com.ve\/index.php\/wp-json\/wp\/v2\/pages\/112\/revisions\/168"}],"wp:attachment":[{"href":"https:\/\/fidestecnologias.com.ve\/index.php\/wp-json\/wp\/v2\/media?parent=112"}],"curies":[{"name":"wp","href":"https:\/\/api.w.org\/{rel}","templated":true}]}}