{"id":114,"date":"2026-01-07T19:01:11","date_gmt":"2026-01-07T18:01:11","guid":{"rendered":"http:\/\/fidestecnologias.com.ve\/?page_id=114"},"modified":"2026-01-08T19:31:40","modified_gmt":"2026-01-08T18:31:40","slug":"nuestros-valores","status":"publish","type":"page","link":"https:\/\/fidestecnologias.com.ve\/index.php\/nuestros-valores\/","title":{"rendered":"Nuestros Valores"},"content":{"rendered":"<div id=\"pl-gb114-69f2088595a5c\"  class=\"panel-layout\" ><div id=\"pg-gb114-69f2088595a5c-0\"  class=\"panel-grid panel-no-style\" ><div id=\"pgc-gb114-69f2088595a5c-0-0\"  class=\"panel-grid-cell\" ><div id=\"panel-gb114-69f2088595a5c-0-0-0\" class=\"so-panel widget widget_media_image panel-first-child panel-last-child\" data-index=\"0\" ><img loading=\"lazy\" decoding=\"async\" width=\"300\" height=\"148\" src=\"https:\/\/fidestecnologias.com.ve\/wp-content\/uploads\/2026\/01\/Logo-VGM-fondo-oscuro-3-300x148.png\" class=\"image wp-image-73  attachment-medium size-medium\" alt=\"\" style=\"max-width: 100%; height: auto;\" srcset=\"https:\/\/fidestecnologias.com.ve\/wp-content\/uploads\/2026\/01\/Logo-VGM-fondo-oscuro-3-300x148.png 300w, https:\/\/fidestecnologias.com.ve\/wp-content\/uploads\/2026\/01\/Logo-VGM-fondo-oscuro-3.png 430w\" sizes=\"auto, (max-width: 300px) 100vw, 300px\" \/><\/div><\/div><div id=\"pgc-gb114-69f2088595a5c-0-1\"  class=\"panel-grid-cell\" ><div id=\"panel-gb114-69f2088595a5c-0-1-0\" class=\"so-panel widget widget_text panel-first-child panel-last-child\" data-index=\"1\" >\t\t\t<div class=\"textwidget\"><h2><strong style=\"color: #0000ff;\">Visi\u00f3n global<\/strong><\/h2>\n<p><span style=\"color: #000000;\"><span style=\"font-size: x-large;\"> Vincular la visi\u00f3n y la estrategia del negocio con el trabajo diario, visualizar el impacto de los eventos sobre el negocio y como pueden afectar las posibilidades del \u00e9xito de la organizaci\u00f3n.<\/span><\/span><\/p>\n<\/div>\n\t\t<\/div><\/div><\/div><div id=\"pg-gb114-69f2088595a5c-1\"  class=\"panel-grid panel-no-style\" ><div id=\"pgc-gb114-69f2088595a5c-1-0\"  class=\"panel-grid-cell\" ><div id=\"panel-gb114-69f2088595a5c-1-0-0\" class=\"so-panel widget widget_media_image panel-first-child panel-last-child\" data-index=\"2\" ><img loading=\"lazy\" decoding=\"async\" width=\"300\" height=\"200\" src=\"https:\/\/fidestecnologias.com.ve\/wp-content\/uploads\/2026\/01\/innovacion_1-300x200.png\" class=\"image wp-image-64  attachment-medium size-medium\" alt=\"\" style=\"max-width: 100%; height: auto;\" srcset=\"https:\/\/fidestecnologias.com.ve\/wp-content\/uploads\/2026\/01\/innovacion_1-300x200.png 300w, https:\/\/fidestecnologias.com.ve\/wp-content\/uploads\/2026\/01\/innovacion_1.png 451w\" sizes=\"auto, (max-width: 300px) 100vw, 300px\" \/><\/div><\/div><div id=\"pgc-gb114-69f2088595a5c-1-1\"  class=\"panel-grid-cell\" ><div id=\"panel-gb114-69f2088595a5c-1-1-0\" class=\"so-panel widget widget_text panel-first-child panel-last-child\" data-index=\"3\" >\t\t\t<div class=\"textwidget\"><h2><span style=\"color: #0000ff;\"><strong>Innovaci\u00f3n<\/strong><\/span><\/h2>\n<p><span style=\"color: #000000;\"> <span style=\"font-size: x-large;\">Concebir ideas de manera original y\/o novedosa, que se traduzca en nuevas tecnolog\u00edas, materiales, productos, o mejoras en los procesos de trabajo y conduzcan a obtener ahorros o beneficios para el negocio.<\/span><\/span><\/p>\n<\/div>\n\t\t<\/div><\/div><\/div><div id=\"pg-gb114-69f2088595a5c-2\"  class=\"panel-grid panel-no-style\" ><div id=\"pgc-gb114-69f2088595a5c-2-0\"  class=\"panel-grid-cell\" ><div id=\"panel-gb114-69f2088595a5c-2-0-0\" class=\"so-panel widget widget_media_image panel-first-child panel-last-child\" data-index=\"4\" ><img loading=\"lazy\" decoding=\"async\" width=\"300\" height=\"200\" src=\"https:\/\/fidestecnologias.com.ve\/wp-content\/uploads\/2026\/01\/excelencia-300x200.jpg\" class=\"image wp-image-52  attachment-medium size-medium\" alt=\"\" style=\"max-width: 100%; height: auto;\" srcset=\"https:\/\/fidestecnologias.com.ve\/wp-content\/uploads\/2026\/01\/excelencia-300x200.jpg 300w, https:\/\/fidestecnologias.com.ve\/wp-content\/uploads\/2026\/01\/excelencia-768x512.jpg 768w, https:\/\/fidestecnologias.com.ve\/wp-content\/uploads\/2026\/01\/excelencia.jpg 1000w\" sizes=\"auto, (max-width: 300px) 100vw, 300px\" \/><\/div><\/div><div id=\"pgc-gb114-69f2088595a5c-2-1\"  class=\"panel-grid-cell\" ><div id=\"panel-gb114-69f2088595a5c-2-1-0\" class=\"so-panel widget widget_text panel-first-child panel-last-child\" data-index=\"5\" >\t\t\t<div class=\"textwidget\"><h2><span style=\"color: #0000ff;\"><strong>Excelencia<\/strong><\/span><\/h2>\n<p><span style=\"color: #000000;\"><span style=\"font-size: x-large;\">Fijarse objetivos y metas retadoras. Preservar en la consecuci\u00f3n de los resultados de alto impacto. Tolerar la ambig\u00fcedad dentro del c\u00f3digo de principios y valores organizacionales. Solicitar ayuda, consejo y gu\u00eda para aprender u obtener ideas que garanticen un desempe\u00f1o superior.<\/span><\/span><\/p>\n<\/div>\n\t\t<\/div><\/div><\/div><div id=\"pg-gb114-69f2088595a5c-3\"  class=\"panel-grid panel-no-style\" ><div id=\"pgc-gb114-69f2088595a5c-3-0\"  class=\"panel-grid-cell\" ><div id=\"panel-gb114-69f2088595a5c-3-0-0\" class=\"so-panel widget widget_media_image panel-first-child panel-last-child\" data-index=\"6\" ><img loading=\"lazy\" decoding=\"async\" width=\"300\" height=\"242\" src=\"https:\/\/fidestecnologias.com.ve\/wp-content\/uploads\/2026\/01\/Orientacion-hacia-el-cliente-300x242.jpg\" class=\"image wp-image-75  attachment-medium size-medium\" alt=\"\" style=\"max-width: 100%; height: auto;\" srcset=\"https:\/\/fidestecnologias.com.ve\/wp-content\/uploads\/2026\/01\/Orientacion-hacia-el-cliente-300x242.jpg 300w, https:\/\/fidestecnologias.com.ve\/wp-content\/uploads\/2026\/01\/Orientacion-hacia-el-cliente.jpg 386w\" sizes=\"auto, (max-width: 300px) 100vw, 300px\" \/><\/div><\/div><div id=\"pgc-gb114-69f2088595a5c-3-1\"  class=\"panel-grid-cell\" ><div id=\"panel-gb114-69f2088595a5c-3-1-0\" class=\"so-panel widget widget_text panel-first-child panel-last-child\" data-index=\"7\" >\t\t\t<div class=\"textwidget\"><h2><span style=\"color: #0000ff;\"><strong>Orientaci\u00f3n Hacia el cliente<\/strong><\/span><\/h2>\n<p><span style=\"color: #000000;\"><span style=\"font-size: x-large;\">Satisfacer los requerimientos y necesidades del cliente. Esforzarse por conocer y resolver los problemas del cliente interno o externo, incluyendo a sus compa\u00f1eros o a cualquier persona que requiera apoyo para lograr los resultados esperados por la organizaci\u00f3n.<\/span><\/span><\/p>\n<\/div>\n\t\t<\/div><\/div><\/div><div id=\"pg-gb114-69f2088595a5c-4\"  class=\"panel-grid panel-no-style\" ><div id=\"pgc-gb114-69f2088595a5c-4-0\"  class=\"panel-grid-cell\" ><div id=\"panel-gb114-69f2088595a5c-4-0-0\" class=\"so-panel widget widget_media_image panel-first-child panel-last-child\" data-index=\"8\" ><img loading=\"lazy\" decoding=\"async\" width=\"254\" height=\"300\" src=\"https:\/\/fidestecnologias.com.ve\/wp-content\/uploads\/2026\/01\/Trabajo-en-equipo-254x300.jpg\" class=\"image wp-image-90  attachment-medium size-medium\" alt=\"\" style=\"max-width: 100%; height: auto;\" srcset=\"https:\/\/fidestecnologias.com.ve\/wp-content\/uploads\/2026\/01\/Trabajo-en-equipo-254x300.jpg 254w, https:\/\/fidestecnologias.com.ve\/wp-content\/uploads\/2026\/01\/Trabajo-en-equipo.jpg 650w\" sizes=\"auto, (max-width: 254px) 100vw, 254px\" \/><\/div><\/div><div id=\"pgc-gb114-69f2088595a5c-4-1\"  class=\"panel-grid-cell\" ><div id=\"panel-gb114-69f2088595a5c-4-1-0\" class=\"so-panel widget widget_text panel-first-child panel-last-child\" data-index=\"9\" >\t\t\t<div class=\"textwidget\"><h2><span style=\"color: #0000ff;\"><strong>Trabajo en equipo<\/strong><\/span><\/h2>\n<p><span style=\"color: #000000;\"><span style=\"font-size: x-large;\">Integrarse efectivamente a equipos de trabajo, colaborando con todos hacia el logro de los objetivos organizacionales. Establecer un clima donde impera la verdad, credibilidad, el respeto y soporte mutuo.<\/span><\/span><\/p>\n<\/div>\n\t\t<\/div><\/div><\/div><div id=\"pg-gb114-69f2088595a5c-5\"  class=\"panel-grid panel-no-style\" ><div id=\"pgc-gb114-69f2088595a5c-5-0\"  class=\"panel-grid-cell\" ><div id=\"panel-gb114-69f2088595a5c-5-0-0\" class=\"so-panel widget widget_media_image panel-first-child panel-last-child\" data-index=\"10\" ><img loading=\"lazy\" decoding=\"async\" width=\"195\" height=\"165\" src=\"https:\/\/fidestecnologias.com.ve\/wp-content\/uploads\/2026\/01\/honestidad-Fides.png\" class=\"image wp-image-58  attachment-full size-full\" alt=\"\" style=\"max-width: 100%; height: auto;\" \/><\/div><\/div><div id=\"pgc-gb114-69f2088595a5c-5-1\"  class=\"panel-grid-cell\" ><div id=\"panel-gb114-69f2088595a5c-5-1-0\" class=\"so-panel widget widget_text panel-first-child panel-last-child\" data-index=\"11\" >\t\t\t<div class=\"textwidget\"><p><span style=\"color: #000000;\"><span style=\"font-size: x-large;\">Comportarse con integridad, de manera coherente, ofreciendo lo que podemos cumplir y nos esmeramos en lograrlo, sin dejar los resultados al azar. Obramos con un sentido consciente de la justicia. Respetamos la verdad. No nos aprovechamos de la inocencia o la ignorancia de otros.<\/span><\/span><\/p>\n<\/div>\n\t\t<\/div><\/div><\/div><\/div>\n\n\n<p><\/p>\n","protected":false},"excerpt":{"rendered":"<p>Visi\u00f3n global Vincular la visi\u00f3n y la estrategia del negocio con el trabajo diario, visualizar el impacto de los eventos sobre el negocio y como pueden afectar las posibilidades del \u00e9xito de la organizaci\u00f3n. Innovaci\u00f3n Concebir ideas de manera original y\/o novedosa, que se traduzca en nuevas tecnolog\u00edas, materiales, productos, o mejoras en los procesos [&hellip;]<\/p>\n","protected":false},"author":1,"featured_media":0,"parent":0,"menu_order":0,"comment_status":"closed","ping_status":"closed","template":"","meta":{"footnotes":""},"class_list":["post-114","page","type-page","status-publish","hentry"],"_links":{"self":[{"href":"https:\/\/fidestecnologias.com.ve\/index.php\/wp-json\/wp\/v2\/pages\/114","targetHints":{"allow":["GET"]}}],"collection":[{"href":"https:\/\/fidestecnologias.com.ve\/index.php\/wp-json\/wp\/v2\/pages"}],"about":[{"href":"https:\/\/fidestecnologias.com.ve\/index.php\/wp-json\/wp\/v2\/types\/page"}],"author":[{"embeddable":true,"href":"https:\/\/fidestecnologias.com.ve\/index.php\/wp-json\/wp\/v2\/users\/1"}],"replies":[{"embeddable":true,"href":"https:\/\/fidestecnologias.com.ve\/index.php\/wp-json\/wp\/v2\/comments?post=114"}],"version-history":[{"count":7,"href":"https:\/\/fidestecnologias.com.ve\/index.php\/wp-json\/wp\/v2\/pages\/114\/revisions"}],"predecessor-version":[{"id":178,"href":"https:\/\/fidestecnologias.com.ve\/index.php\/wp-json\/wp\/v2\/pages\/114\/revisions\/178"}],"wp:attachment":[{"href":"https:\/\/fidestecnologias.com.ve\/index.php\/wp-json\/wp\/v2\/media?parent=114"}],"curies":[{"name":"wp","href":"https:\/\/api.w.org\/{rel}","templated":true}]}}